{"id":47,"date":"2025-01-24T09:53:04","date_gmt":"2025-01-24T09:53:04","guid":{"rendered":"https:\/\/mairiedouala4.com\/?page_id=47"},"modified":"2025-11-12T16:08:36","modified_gmt":"2025-11-12T16:08:36","slug":"accueil","status":"publish","type":"page","link":"https:\/\/mairiedouala4.com\/","title":{"rendered":"ACCUEIL"},"content":{"rendered":"\t\t<div data-elementor-type=\"wp-page\" data-elementor-id=\"47\" class=\"elementor elementor-47\" data-elementor-post-type=\"page\">\n\t\t\t\t\t\t<section class=\"elementor-section elementor-inner-section elementor-element elementor-element-12441e62 elementor-section-full_width elementor-section-height-min-height elementor-section-content-middle elementor-section-height-default\" data-id=\"12441e62\" data-element_type=\"section\" data-settings=\"{&quot;background_background&quot;:&quot;slideshow&quot;,&quot;background_slideshow_gallery&quot;:[{&quot;id&quot;:73,&quot;url&quot;:&quot;https:\\\/\\\/mairiedouala4.com\\\/wp-content\\\/uploads\\\/2025\\\/01\\\/3062-copie.jpg&quot;},{&quot;id&quot;:97,&quot;url&quot;:&quot;https:\\\/\\\/mairiedouala4.com\\\/wp-content\\\/uploads\\\/2025\\\/01\\\/IMG_5669-scaled.jpg&quot;},{&quot;id&quot;:74,&quot;url&quot;:&quot;https:\\\/\\\/mairiedouala4.com\\\/wp-content\\\/uploads\\\/2025\\\/01\\\/20241002_120314-scaled.jpg&quot;},{&quot;id&quot;:75,&quot;url&quot;:&quot;https:\\\/\\\/mairiedouala4.com\\\/wp-content\\\/uploads\\\/2025\\\/01\\\/20241010_105711-scaled.jpg&quot;},{&quot;id&quot;:96,&quot;url&quot;:&quot;https:\\\/\\\/mairiedouala4.com\\\/wp-content\\\/uploads\\\/2025\\\/01\\\/20240627_130854-scaled.jpg&quot;},{&quot;id&quot;:706,&quot;url&quot;:&quot;https:\\\/\\\/mairiedouala4.com\\\/wp-content\\\/uploads\\\/2025\\\/08\\\/DJI_0596-copie-scaled.jpg&quot;},{&quot;id&quot;:707,&quot;url&quot;:&quot;https:\\\/\\\/mairiedouala4.com\\\/wp-content\\\/uploads\\\/2025\\\/08\\\/DJI_0602-copie-scaled.jpg&quot;},{&quot;id&quot;:708,&quot;url&quot;:&quot;https:\\\/\\\/mairiedouala4.com\\\/wp-content\\\/uploads\\\/2025\\\/08\\\/DJI_0631-copie-scaled.jpg&quot;},{&quot;id&quot;:709,&quot;url&quot;:&quot;https:\\\/\\\/mairiedouala4.com\\\/wp-content\\\/uploads\\\/2025\\\/08\\\/IMG_20220923_105844-copie-scaled.jpg&quot;}],&quot;background_slideshow_lazyload&quot;:&quot;yes&quot;,&quot;background_slideshow_ken_burns&quot;:&quot;yes&quot;,&quot;background_slideshow_loop&quot;:&quot;yes&quot;,&quot;background_slideshow_slide_duration&quot;:5000,&quot;background_slideshow_slide_transition&quot;:&quot;fade&quot;,&quot;background_slideshow_transition_duration&quot;:500,&quot;background_slideshow_ken_burns_zoom_direction&quot;:&quot;in&quot;}\">\n\t\t\t\t\t\t<div class=\"elementor-container elementor-column-gap-default\">\n\t\t\t\t\t<div class=\"elementor-column elementor-col-100 elementor-inner-column elementor-element elementor-element-5640471f\" data-id=\"5640471f\" data-element_type=\"column\">\n\t\t\t<div class=\"elementor-widget-wrap elementor-element-populated\">\n\t\t\t\t\t\t<div class=\"elementor-element elementor-element-6162e0d animated-slow elementor-invisible elementor-widget elementor-widget-heading\" data-id=\"6162e0d\" data-element_type=\"widget\" data-settings=\"{&quot;_animation&quot;:&quot;fadeInRight&quot;}\" data-widget_type=\"heading.default\">\n\t\t\t\t<div class=\"elementor-widget-container\">\n\t\t\t\t\t<h2 class=\"elementor-heading-title elementor-size-default\">BIENVENUE \u00c0  LA MAIRIE <br>DE DOUALA IV<\/h2>\t\t\t\t<\/div>\n\t\t\t\t<\/div>\n\t\t\t\t\t<\/div>\n\t\t<\/div>\n\t\t\t\t\t<\/div>\n\t\t<\/section>\n\t\t\t\t<section class=\"elementor-section elementor-top-section elementor-element elementor-element-a92df93 elementor-section-boxed elementor-section-height-default elementor-section-height-default\" data-id=\"a92df93\" data-element_type=\"section\">\n\t\t\t\t\t\t<div class=\"elementor-container elementor-column-gap-default\">\n\t\t\t\t\t<div class=\"elementor-column elementor-col-100 elementor-top-column elementor-element elementor-element-3c86bba\" data-id=\"3c86bba\" data-element_type=\"column\">\n\t\t\t<div class=\"elementor-widget-wrap elementor-element-populated\">\n\t\t\t\t\t\t<div class=\"elementor-element elementor-element-a299e85 elementor-widget elementor-widget-spacer\" data-id=\"a299e85\" data-element_type=\"widget\" data-widget_type=\"spacer.default\">\n\t\t\t\t<div class=\"elementor-widget-container\">\n\t\t\t\t\t\t\t<div class=\"elementor-spacer\">\n\t\t\t<div class=\"elementor-spacer-inner\"><\/div>\n\t\t<\/div>\n\t\t\t\t\t\t<\/div>\n\t\t\t\t<\/div>\n\t\t\t\t\t<\/div>\n\t\t<\/div>\n\t\t\t\t\t<\/div>\n\t\t<\/section>\n\t\t\t\t<section class=\"elementor-section elementor-inner-section elementor-element elementor-element-6faff1a5 elementor-section-boxed elementor-section-height-default elementor-section-height-default\" data-id=\"6faff1a5\" data-element_type=\"section\">\n\t\t\t\t\t\t<div class=\"elementor-container elementor-column-gap-no\">\n\t\t\t\t\t<div class=\"elementor-column elementor-col-50 elementor-inner-column elementor-element elementor-element-2ad0cfa1\" data-id=\"2ad0cfa1\" data-element_type=\"column\">\n\t\t\t<div class=\"elementor-widget-wrap elementor-element-populated\">\n\t\t\t\t\t\t<div class=\"elementor-element elementor-element-c3561a8 elementor-widget elementor-widget-image\" data-id=\"c3561a8\" data-element_type=\"widget\" data-widget_type=\"image.default\">\n\t\t\t\t<div class=\"elementor-widget-container\">\n\t\t\t\t\t\t\t\t\t\t\t\t\t\t\t<img fetchpriority=\"high\" decoding=\"async\" width=\"2186\" height=\"2560\" src=\"https:\/\/mairiedouala4.com\/wp-content\/uploads\/2025\/01\/IMG_8746-copie-2-scaled.jpg\" class=\"attachment-full size-full wp-image-79\" alt=\"\" srcset=\"https:\/\/mairiedouala4.com\/wp-content\/uploads\/2025\/01\/IMG_8746-copie-2-scaled.jpg 2186w, https:\/\/mairiedouala4.com\/wp-content\/uploads\/2025\/01\/IMG_8746-copie-2-256x300.jpg 256w, https:\/\/mairiedouala4.com\/wp-content\/uploads\/2025\/01\/IMG_8746-copie-2-874x1024.jpg 874w, https:\/\/mairiedouala4.com\/wp-content\/uploads\/2025\/01\/IMG_8746-copie-2-768x899.jpg 768w, https:\/\/mairiedouala4.com\/wp-content\/uploads\/2025\/01\/IMG_8746-copie-2-1312x1536.jpg 1312w, https:\/\/mairiedouala4.com\/wp-content\/uploads\/2025\/01\/IMG_8746-copie-2-1749x2048.jpg 1749w\" sizes=\"(max-width: 2186px) 100vw, 2186px\" \/>\t\t\t\t\t\t\t\t\t\t\t\t\t\t\t<\/div>\n\t\t\t\t<\/div>\n\t\t\t\t\t<\/div>\n\t\t<\/div>\n\t\t\t\t<div class=\"elementor-column elementor-col-50 elementor-inner-column elementor-element elementor-element-669cd5bf animated-slow elementor-invisible\" data-id=\"669cd5bf\" data-element_type=\"column\" data-settings=\"{&quot;animation&quot;:&quot;fadeInRight&quot;}\">\n\t\t\t<div class=\"elementor-widget-wrap elementor-element-populated\">\n\t\t\t\t\t\t<div class=\"elementor-element elementor-element-358ed915 elementor-widget elementor-widget-heading\" data-id=\"358ed915\" data-element_type=\"widget\" data-widget_type=\"heading.default\">\n\t\t\t\t<div class=\"elementor-widget-container\">\n\t\t\t\t\t<h2 class=\"elementor-heading-title elementor-size-default\">Le mot du Maire<\/h2>\t\t\t\t<\/div>\n\t\t\t\t<\/div>\n\t\t\t\t<div class=\"elementor-element elementor-element-74d9a9cb elementor-widget elementor-widget-heading\" data-id=\"74d9a9cb\" data-element_type=\"widget\" data-widget_type=\"heading.default\">\n\t\t\t\t<div class=\"elementor-widget-container\">\n\t\t\t\t\t<h2 class=\"elementor-heading-title elementor-size-default\">Ch\u00e8res populations de l'arrondissement de Douala IV<br>\n<\/h2>\t\t\t\t<\/div>\n\t\t\t\t<\/div>\n\t\t\t\t<div class=\"elementor-element elementor-element-415c52f4 elementor-widget elementor-widget-text-editor\" data-id=\"415c52f4\" data-element_type=\"widget\" data-widget_type=\"text-editor.default\">\n\t\t\t\t<div class=\"elementor-widget-container\">\n\t\t\t\t\t\t\t\t\t<p>Notre mairie est au service de ses administr\u00e9s. Au c\u0153ur de nos actions, nous\u00a0 travaillons \u00e0 l\u2019am\u00e9lioration du cadre de vie de nos concitoyens en r\u00e9pondant de mani\u00e8re proactive \u00e0 leurs besoins.\u00a0<\/p><p>\u00c0 travers un dialogue constant avec la population, nous recueillons leurs pr\u00e9occupations afin de mettre en \u0153uvre des solutions pertinentes et durables<\/p>\t\t\t\t\t\t\t\t<\/div>\n\t\t\t\t<\/div>\n\t\t\t\t<div class=\"elementor-element elementor-element-79bcacf6 elementor-mobile-align-center elementor-widget elementor-widget-button\" data-id=\"79bcacf6\" data-element_type=\"widget\" data-widget_type=\"button.default\">\n\t\t\t\t<div class=\"elementor-widget-container\">\n\t\t\t\t\t\t\t\t\t<div class=\"elementor-button-wrapper\">\n\t\t\t\t\t<a class=\"elementor-button elementor-button-link elementor-size-sm\" href=\"https:\/\/mairiedouala4.com\/?page_id=113\">\n\t\t\t\t\t\t<span class=\"elementor-button-content-wrapper\">\n\t\t\t\t\t\t\t\t\t<span class=\"elementor-button-text\">NOTRE MISSION<\/span>\n\t\t\t\t\t<\/span>\n\t\t\t\t\t<\/a>\n\t\t\t\t<\/div>\n\t\t\t\t\t\t\t\t<\/div>\n\t\t\t\t<\/div>\n\t\t\t\t\t<\/div>\n\t\t<\/div>\n\t\t\t\t\t<\/div>\n\t\t<\/section>\n\t\t\t\t<section class=\"elementor-section elementor-inner-section elementor-element elementor-element-314e7ee8 elementor-section-boxed elementor-section-height-default elementor-section-height-default\" data-id=\"314e7ee8\" data-element_type=\"section\">\n\t\t\t\t\t\t\t<div class=\"elementor-background-overlay\"><\/div>\n\t\t\t\t\t\t\t<div class=\"elementor-container elementor-column-gap-default\">\n\t\t\t\t\t<div class=\"elementor-column elementor-col-100 elementor-inner-column elementor-element elementor-element-58a420b9 about-lawyer elementor-hidden-mobile\" data-id=\"58a420b9\" data-element_type=\"column\" data-settings=\"{&quot;background_background&quot;:&quot;classic&quot;}\">\n\t\t\t<div class=\"elementor-widget-wrap elementor-element-populated\">\n\t\t\t\t\t\t<div class=\"elementor-element elementor-element-2f298b8 elementor-widget__width-initial elementor-widget-mobile__width-inherit animated-slow elementor-invisible elementor-widget elementor-widget-image-box\" data-id=\"2f298b8\" data-element_type=\"widget\" data-settings=\"{&quot;_animation&quot;:&quot;bounceIn&quot;}\" data-widget_type=\"image-box.default\">\n\t\t\t\t<div class=\"elementor-widget-container\">\n\t\t\t\t\t<div class=\"elementor-image-box-wrapper\"><div class=\"elementor-image-box-content\"><div class=\"elementor-image-box-title\">1987<\/div><p class=\"elementor-image-box-description\">DATE DE CREATION<\/p><\/div><\/div>\t\t\t\t<\/div>\n\t\t\t\t<\/div>\n\t\t\t\t<div class=\"elementor-element elementor-element-47e79bff elementor-widget__width-initial elementor-widget-mobile__width-inherit animated-slow elementor-invisible elementor-widget elementor-widget-image-box\" data-id=\"47e79bff\" data-element_type=\"widget\" data-settings=\"{&quot;_animation&quot;:&quot;bounceIn&quot;}\" data-widget_type=\"image-box.default\">\n\t\t\t\t<div class=\"elementor-widget-container\">\n\t\t\t\t\t<div class=\"elementor-image-box-wrapper\"><div class=\"elementor-image-box-content\"><div class=\"elementor-image-box-title\">55 KM\u00b2<\/div><p class=\"elementor-image-box-description\">SUPERFICIE<\/p><\/div><\/div>\t\t\t\t<\/div>\n\t\t\t\t<\/div>\n\t\t\t\t<div class=\"elementor-element elementor-element-5e3dbfb1 elementor-widget__width-initial elementor-widget-mobile__width-inherit animated-slow elementor-invisible elementor-widget elementor-widget-image-box\" data-id=\"5e3dbfb1\" data-element_type=\"widget\" data-settings=\"{&quot;_animation&quot;:&quot;bounceIn&quot;}\" data-widget_type=\"image-box.default\">\n\t\t\t\t<div class=\"elementor-widget-container\">\n\t\t\t\t\t<div class=\"elementor-image-box-wrapper\"><div class=\"elementor-image-box-content\"><div class=\"elementor-image-box-title\">45 KM\u00b2<\/div><p class=\"elementor-image-box-description\">ROUTES BITUMEES<\/p><\/div><\/div>\t\t\t\t<\/div>\n\t\t\t\t<\/div>\n\t\t\t\t<div class=\"elementor-element elementor-element-37b7f868 elementor-widget__width-initial elementor-widget-mobile__width-inherit animated-slow elementor-invisible elementor-widget elementor-widget-image-box\" data-id=\"37b7f868\" data-element_type=\"widget\" data-settings=\"{&quot;_animation&quot;:&quot;bounceIn&quot;}\" data-widget_type=\"image-box.default\">\n\t\t\t\t<div class=\"elementor-widget-container\">\n\t\t\t\t\t<div class=\"elementor-image-box-wrapper\"><div class=\"elementor-image-box-content\"><div class=\"elementor-image-box-title\">424 939<\/div><p class=\"elementor-image-box-description\">HABITANTS<\/p><\/div><\/div>\t\t\t\t<\/div>\n\t\t\t\t<\/div>\n\t\t\t\t\t<\/div>\n\t\t<\/div>\n\t\t\t\t\t<\/div>\n\t\t<\/section>\n\t\t\t\t<section class=\"elementor-section elementor-top-section elementor-element elementor-element-22048a49 elementor-section-full_width elementor-hidden-mobile elementor-section-height-default elementor-section-height-default\" data-id=\"22048a49\" data-element_type=\"section\">\n\t\t\t\t\t\t<div class=\"elementor-container elementor-column-gap-no\">\n\t\t\t\t\t<div class=\"elementor-column elementor-col-100 elementor-top-column elementor-element elementor-element-5943d7c6\" data-id=\"5943d7c6\" data-element_type=\"column\">\n\t\t\t<div class=\"elementor-widget-wrap elementor-element-populated\">\n\t\t\t\t\t\t<div class=\"elementor-element elementor-element-4f6ee1ba elementor-widget elementor-widget-google_maps\" data-id=\"4f6ee1ba\" data-element_type=\"widget\" data-widget_type=\"google_maps.default\">\n\t\t\t\t<div class=\"elementor-widget-container\">\n\t\t\t\t\t\t\t<div class=\"elementor-custom-embed\">\n\t\t\t<iframe loading=\"lazy\"\n\t\t\t\t\tsrc=\"https:\/\/maps.google.com\/maps?q=Mairie%20de%20douala%204%20Bonassama%20Cameroun&#038;t=m&#038;z=10&#038;output=embed&#038;iwloc=near\"\n\t\t\t\t\ttitle=\"Mairie de douala 4 Bonassama Cameroun\"\n\t\t\t\t\taria-label=\"Mairie de douala 4 Bonassama Cameroun\"\n\t\t\t><\/iframe>\n\t\t<\/div>\n\t\t\t\t\t\t<\/div>\n\t\t\t\t<\/div>\n\t\t\t\t\t<\/div>\n\t\t<\/div>\n\t\t\t\t\t<\/div>\n\t\t<\/section>\n\t\t\t\t<\/div>\n\t\t","protected":false},"excerpt":{"rendered":"<p>BIENVENUE \u00c0 LA MAIRIE DE DOUALA IV Le mot du Maire Ch\u00e8res populations de l&rsquo;arrondissement de Douala IV Notre mairie [&hellip;]<\/p>\n","protected":false},"author":1,"featured_media":0,"parent":0,"menu_order":0,"comment_status":"closed","ping_status":"closed","template":"","meta":{"site-sidebar-layout":"no-sidebar","site-content-layout":"","ast-site-content-layout":"full-width-container","site-content-style":"default","site-sidebar-style":"default","ast-global-header-display":"","ast-banner-title-visibility":"","ast-main-header-display":"","ast-hfb-above-header-display":"","ast-hfb-below-header-display":"","ast-hfb-mobile-header-display":"","site-post-title":"disabled","ast-breadcrumbs-content":"","ast-featured-img":"disabled","footer-sml-layout":"","ast-disable-related-posts":"","theme-transparent-header-meta":"","adv-header-id-meta":"","stick-header-meta":"","header-above-stick-meta":"","header-main-stick-meta":"","header-below-stick-meta":"","astra-migrate-meta-layouts":"default","ast-page-background-enabled":"default","ast-page-background-meta":{"desktop":{"background-color":"var(--ast-global-color-5)","background-image":"","background-repeat":"repeat","background-position":"center center","background-size":"auto","background-attachment":"scroll","background-type":"","background-media":"","overlay-type":"","overlay-color":"","overlay-opacity":"","overlay-gradient":""},"tablet":{"background-color":"","background-image":"","background-repeat":"repeat","background-position":"center center","background-size":"auto","background-attachment":"scroll","background-type":"","background-media":"","overlay-type":"","overlay-color":"","overlay-opacity":"","overlay-gradient":""},"mobile":{"background-color":"","background-image":"","background-repeat":"repeat","background-position":"center center","background-size":"auto","background-attachment":"scroll","background-type":"","background-media":"","overlay-type":"","overlay-color":"","overlay-opacity":"","overlay-gradient":""}},"ast-content-background-meta":{"desktop":{"background-color":"var(--ast-global-color-4)","background-image":"","background-repeat":"repeat","background-position":"center center","background-size":"auto","background-attachment":"scroll","background-type":"","background-media":"","overlay-type":"","overlay-color":"","overlay-opacity":"","overlay-gradient":""},"tablet":{"background-color":"var(--ast-global-color-4)","background-image":"","background-repeat":"repeat","background-position":"center center","background-size":"auto","background-attachment":"scroll","background-type":"","background-media":"","overlay-type":"","overlay-color":"","overlay-opacity":"","overlay-gradient":""},"mobile":{"background-color":"var(--ast-global-color-4)","background-image":"","background-repeat":"repeat","background-position":"center center","background-size":"auto","background-attachment":"scroll","background-type":"","background-media":"","overlay-type":"","overlay-color":"","overlay-opacity":"","overlay-gradient":""}},"footnotes":""},"class_list":["post-47","page","type-page","status-publish","hentry"],"yoast_head":"<!-- This site is optimized with the Yoast SEO plugin v26.6 - https:\/\/yoast.com\/wordpress\/plugins\/seo\/ -->\n<title>ACCUEIL - Douala IV, pour un arrondissement de performances et d&#039;opportunit\u00e9s.<\/title>\n<meta name=\"description\" content=\"BIENVENUE \u00c0 LA MAIRIE DE DOUALA IV Le mot du Maire Ch\u00e8res populations de l&#039;arrondissement de Douala IV Notre mairie est au service de ses administr\u00e9s. Au\" \/>\n<meta name=\"robots\" content=\"index, follow, max-snippet:-1, max-image-preview:large, max-video-preview:-1\" \/>\n<link rel=\"canonical\" href=\"https:\/\/mairiedouala4.com\/\" \/>\n<meta property=\"og:locale\" content=\"fr_FR\" \/>\n<meta property=\"og:type\" content=\"article\" \/>\n<meta property=\"og:title\" content=\"ACCUEIL - Douala IV, pour un arrondissement de performances et d&#039;opportunit\u00e9s.\" \/>\n<meta property=\"og:description\" content=\"BIENVENUE \u00c0 LA MAIRIE DE DOUALA IV Le mot du Maire Ch\u00e8res populations de l&#039;arrondissement de Douala IV Notre mairie est au service de ses administr\u00e9s. Au\" \/>\n<meta property=\"og:url\" content=\"https:\/\/mairiedouala4.com\/\" \/>\n<meta property=\"og:site_name\" content=\"MAIRIE DE DOUALA 4\" \/>\n<meta property=\"article:publisher\" content=\"https:\/\/www.facebook.com\/DoualaIV?locale=fr_FR\" \/>\n<meta property=\"article:modified_time\" content=\"2025-11-12T16:08:36+00:00\" \/>\n<meta property=\"og:image\" content=\"https:\/\/mairiedouala4.com\/wp-content\/uploads\/2025\/01\/IMG_8746-copie-2-scaled.jpg\" \/>\n\t<meta property=\"og:image:width\" content=\"2186\" \/>\n\t<meta property=\"og:image:height\" content=\"2560\" \/>\n\t<meta property=\"og:image:type\" content=\"image\/jpeg\" \/>\n<meta name=\"twitter:card\" content=\"summary_large_image\" \/>\n<meta name=\"twitter:label1\" content=\"Dur\u00e9e de lecture estim\u00e9e\" \/>\n\t<meta name=\"twitter:data1\" content=\"1 minute\" \/>\n<script type=\"application\/ld+json\" class=\"yoast-schema-graph\">{\"@context\":\"https:\/\/schema.org\",\"@graph\":[{\"@type\":\"WebPage\",\"@id\":\"https:\/\/mairiedouala4.com\/\",\"url\":\"https:\/\/mairiedouala4.com\/\",\"name\":\"ACCUEIL - Douala IV, pour un arrondissement de performances et d&#039;opportunit\u00e9s.\",\"isPartOf\":{\"@id\":\"https:\/\/mairiedouala4.com\/#website\"},\"primaryImageOfPage\":{\"@id\":\"https:\/\/mairiedouala4.com\/#primaryimage\"},\"image\":{\"@id\":\"https:\/\/mairiedouala4.com\/#primaryimage\"},\"thumbnailUrl\":\"https:\/\/mairiedouala4.com\/wp-content\/uploads\/2025\/01\/IMG_8746-copie-2-scaled.jpg\",\"datePublished\":\"2025-01-24T09:53:04+00:00\",\"dateModified\":\"2025-11-12T16:08:36+00:00\",\"description\":\"BIENVENUE \u00c0 LA MAIRIE DE DOUALA IV Le mot du Maire Ch\u00e8res populations de l'arrondissement de Douala IV Notre mairie est au service de ses administr\u00e9s. Au\",\"breadcrumb\":{\"@id\":\"https:\/\/mairiedouala4.com\/#breadcrumb\"},\"inLanguage\":\"fr-FR\",\"potentialAction\":[{\"@type\":\"ReadAction\",\"target\":[\"https:\/\/mairiedouala4.com\/\"]}]},{\"@type\":\"ImageObject\",\"inLanguage\":\"fr-FR\",\"@id\":\"https:\/\/mairiedouala4.com\/#primaryimage\",\"url\":\"https:\/\/mairiedouala4.com\/wp-content\/uploads\/2025\/01\/IMG_8746-copie-2-scaled.jpg\",\"contentUrl\":\"https:\/\/mairiedouala4.com\/wp-content\/uploads\/2025\/01\/IMG_8746-copie-2-scaled.jpg\",\"width\":2186,\"height\":2560},{\"@type\":\"BreadcrumbList\",\"@id\":\"https:\/\/mairiedouala4.com\/#breadcrumb\",\"itemListElement\":[{\"@type\":\"ListItem\",\"position\":1,\"name\":\"Accueil\",\"item\":\"https:\/\/mairiedouala4.com\/\"},{\"@type\":\"ListItem\",\"position\":2,\"name\":\"ACCUEIL\"}]},{\"@type\":\"WebSite\",\"@id\":\"https:\/\/mairiedouala4.com\/#website\",\"url\":\"https:\/\/mairiedouala4.com\/\",\"name\":\"mairiedouala4.com\",\"description\":\"Douala IV, pour un arrondissement de performances et d&#039;opportunit\u00e9s.\",\"publisher\":{\"@id\":\"https:\/\/mairiedouala4.com\/#organization\"},\"potentialAction\":[{\"@type\":\"SearchAction\",\"target\":{\"@type\":\"EntryPoint\",\"urlTemplate\":\"https:\/\/mairiedouala4.com\/?s={search_term_string}\"},\"query-input\":{\"@type\":\"PropertyValueSpecification\",\"valueRequired\":true,\"valueName\":\"search_term_string\"}}],\"inLanguage\":\"fr-FR\"},{\"@type\":\"Organization\",\"@id\":\"https:\/\/mairiedouala4.com\/#organization\",\"name\":\"Mairie de Douala 4\",\"url\":\"https:\/\/mairiedouala4.com\/\",\"logo\":{\"@type\":\"ImageObject\",\"inLanguage\":\"fr-FR\",\"@id\":\"https:\/\/mairiedouala4.com\/#\/schema\/logo\/image\/\",\"url\":\"https:\/\/mairiedouala4.com\/wp-content\/uploads\/2025\/06\/LOGO-MAIRIE.jpg\",\"contentUrl\":\"https:\/\/mairiedouala4.com\/wp-content\/uploads\/2025\/06\/LOGO-MAIRIE.jpg\",\"width\":649,\"height\":819,\"caption\":\"Mairie de Douala 4\"},\"image\":{\"@id\":\"https:\/\/mairiedouala4.com\/#\/schema\/logo\/image\/\"},\"sameAs\":[\"https:\/\/www.facebook.com\/DoualaIV?locale=fr_FR\",\"https:\/\/wa.me\/message\/RTL7N4GEN7AUH1\"]}]}<\/script>\n<!-- \/ Yoast SEO plugin. -->","yoast_head_json":{"title":"ACCUEIL - Douala IV, pour un arrondissement de performances et d&#039;opportunit\u00e9s.","description":"BIENVENUE \u00c0 LA MAIRIE DE DOUALA IV Le mot du Maire Ch\u00e8res populations de l'arrondissement de Douala IV Notre mairie est au service de ses administr\u00e9s. Au","robots":{"index":"index","follow":"follow","max-snippet":"max-snippet:-1","max-image-preview":"max-image-preview:large","max-video-preview":"max-video-preview:-1"},"canonical":"https:\/\/mairiedouala4.com\/","og_locale":"fr_FR","og_type":"article","og_title":"ACCUEIL - Douala IV, pour un arrondissement de performances et d&#039;opportunit\u00e9s.","og_description":"BIENVENUE \u00c0 LA MAIRIE DE DOUALA IV Le mot du Maire Ch\u00e8res populations de l'arrondissement de Douala IV Notre mairie est au service de ses administr\u00e9s. Au","og_url":"https:\/\/mairiedouala4.com\/","og_site_name":"MAIRIE DE DOUALA 4","article_publisher":"https:\/\/www.facebook.com\/DoualaIV?locale=fr_FR","article_modified_time":"2025-11-12T16:08:36+00:00","og_image":[{"width":2186,"height":2560,"url":"https:\/\/mairiedouala4.com\/wp-content\/uploads\/2025\/01\/IMG_8746-copie-2-scaled.jpg","type":"image\/jpeg"}],"twitter_card":"summary_large_image","twitter_misc":{"Dur\u00e9e de lecture estim\u00e9e":"1 minute"},"schema":{"@context":"https:\/\/schema.org","@graph":[{"@type":"WebPage","@id":"https:\/\/mairiedouala4.com\/","url":"https:\/\/mairiedouala4.com\/","name":"ACCUEIL - Douala IV, pour un arrondissement de performances et d&#039;opportunit\u00e9s.","isPartOf":{"@id":"https:\/\/mairiedouala4.com\/#website"},"primaryImageOfPage":{"@id":"https:\/\/mairiedouala4.com\/#primaryimage"},"image":{"@id":"https:\/\/mairiedouala4.com\/#primaryimage"},"thumbnailUrl":"https:\/\/mairiedouala4.com\/wp-content\/uploads\/2025\/01\/IMG_8746-copie-2-scaled.jpg","datePublished":"2025-01-24T09:53:04+00:00","dateModified":"2025-11-12T16:08:36+00:00","description":"BIENVENUE \u00c0 LA MAIRIE DE DOUALA IV Le mot du Maire Ch\u00e8res populations de l'arrondissement de Douala IV Notre mairie est au service de ses administr\u00e9s. Au","breadcrumb":{"@id":"https:\/\/mairiedouala4.com\/#breadcrumb"},"inLanguage":"fr-FR","potentialAction":[{"@type":"ReadAction","target":["https:\/\/mairiedouala4.com\/"]}]},{"@type":"ImageObject","inLanguage":"fr-FR","@id":"https:\/\/mairiedouala4.com\/#primaryimage","url":"https:\/\/mairiedouala4.com\/wp-content\/uploads\/2025\/01\/IMG_8746-copie-2-scaled.jpg","contentUrl":"https:\/\/mairiedouala4.com\/wp-content\/uploads\/2025\/01\/IMG_8746-copie-2-scaled.jpg","width":2186,"height":2560},{"@type":"BreadcrumbList","@id":"https:\/\/mairiedouala4.com\/#breadcrumb","itemListElement":[{"@type":"ListItem","position":1,"name":"Accueil","item":"https:\/\/mairiedouala4.com\/"},{"@type":"ListItem","position":2,"name":"ACCUEIL"}]},{"@type":"WebSite","@id":"https:\/\/mairiedouala4.com\/#website","url":"https:\/\/mairiedouala4.com\/","name":"mairiedouala4.com","description":"Douala IV, pour un arrondissement de performances et d&#039;opportunit\u00e9s.","publisher":{"@id":"https:\/\/mairiedouala4.com\/#organization"},"potentialAction":[{"@type":"SearchAction","target":{"@type":"EntryPoint","urlTemplate":"https:\/\/mairiedouala4.com\/?s={search_term_string}"},"query-input":{"@type":"PropertyValueSpecification","valueRequired":true,"valueName":"search_term_string"}}],"inLanguage":"fr-FR"},{"@type":"Organization","@id":"https:\/\/mairiedouala4.com\/#organization","name":"Mairie de Douala 4","url":"https:\/\/mairiedouala4.com\/","logo":{"@type":"ImageObject","inLanguage":"fr-FR","@id":"https:\/\/mairiedouala4.com\/#\/schema\/logo\/image\/","url":"https:\/\/mairiedouala4.com\/wp-content\/uploads\/2025\/06\/LOGO-MAIRIE.jpg","contentUrl":"https:\/\/mairiedouala4.com\/wp-content\/uploads\/2025\/06\/LOGO-MAIRIE.jpg","width":649,"height":819,"caption":"Mairie de Douala 4"},"image":{"@id":"https:\/\/mairiedouala4.com\/#\/schema\/logo\/image\/"},"sameAs":["https:\/\/www.facebook.com\/DoualaIV?locale=fr_FR","https:\/\/wa.me\/message\/RTL7N4GEN7AUH1"]}]}},"_links":{"self":[{"href":"https:\/\/mairiedouala4.com\/index.php?rest_route=\/wp\/v2\/pages\/47","targetHints":{"allow":["GET"]}}],"collection":[{"href":"https:\/\/mairiedouala4.com\/index.php?rest_route=\/wp\/v2\/pages"}],"about":[{"href":"https:\/\/mairiedouala4.com\/index.php?rest_route=\/wp\/v2\/types\/page"}],"author":[{"embeddable":true,"href":"https:\/\/mairiedouala4.com\/index.php?rest_route=\/wp\/v2\/users\/1"}],"replies":[{"embeddable":true,"href":"https:\/\/mairiedouala4.com\/index.php?rest_route=%2Fwp%2Fv2%2Fcomments&post=47"}],"version-history":[{"count":53,"href":"https:\/\/mairiedouala4.com\/index.php?rest_route=\/wp\/v2\/pages\/47\/revisions"}],"predecessor-version":[{"id":1113,"href":"https:\/\/mairiedouala4.com\/index.php?rest_route=\/wp\/v2\/pages\/47\/revisions\/1113"}],"wp:attachment":[{"href":"https:\/\/mairiedouala4.com\/index.php?rest_route=%2Fwp%2Fv2%2Fmedia&parent=47"}],"curies":[{"name":"wp","href":"https:\/\/api.w.org\/{rel}","templated":true}]}}